{"id":1352,"date":"2020-09-14T13:42:57","date_gmt":"2020-09-14T13:42:57","guid":{"rendered":"https:\/\/www.pflegeexperten-wissen.de\/wp\/?page_id=1352"},"modified":"2024-02-08T08:46:05","modified_gmt":"2024-02-08T08:46:05","slug":"kontakt","status":"publish","type":"page","link":"https:\/\/www.pflegeexperten-wissen.de\/index.php\/kontakt\/","title":{"rendered":"KONTAKT"},"content":{"rendered":"<div data-colibri-id=\"1352-c1\" class=\"style-488 style-local-1352-c1 position-relative\">\n  <!---->\n  <div data-colibri-component=\"section\" data-colibri-id=\"1352-c2\" id=\"custom\" class=\"h-section h-section-global-spacing d-flex align-items-lg-center align-items-md-center align-items-center style-489 style-local-1352-c2 position-relative\">\n    <!---->\n    <!---->\n    <div class=\"h-section-grid-container h-section-boxed-container\">\n      <!---->\n      <div data-colibri-id=\"1352-c3\" class=\"h-row-container gutters-row-lg-2 gutters-row-md-2 gutters-row-0 gutters-row-v-lg-2 gutters-row-v-md-2 gutters-row-v-2 style-493 style-local-1352-c3 position-relative\">\n        <!---->\n        <div class=\"h-row justify-content-lg-center justify-content-md-center justify-content-center align-items-lg-stretch align-items-md-stretch align-items-stretch gutters-col-lg-2 gutters-col-md-2 gutters-col-0 gutters-col-v-lg-2 gutters-col-v-md-2 gutters-col-v-2\">\n          <!---->\n          <div class=\"h-column h-column-container d-flex h-col-lg-auto h-col-md-auto h-col-auto style-494-outer style-local-1352-c4-outer\">\n            <div data-colibri-id=\"1352-c4\" class=\"d-flex h-flex-basis h-column__inner h-px-lg-2 h-px-md-2 h-px-2 v-inner-lg-2 v-inner-md-2 v-inner-2 style-494 style-local-1352-c4 position-relative\">\n              <!---->\n              <!---->\n              <div class=\"w-100 h-y-container h-column__content h-column__v-align flex-basis-100 align-self-lg-start align-self-md-start align-self-start\">\n                <!---->\n                <div data-colibri-id=\"1352-c5\" class=\"h-text h-text-component style-495 style-local-1352-c5 position-relative h-element\">\n                  <!---->\n                  <!---->\n                  <div class=\"\">\n                    <p><span style=\"color: rgb(0, 101, 170);\">IHRE ANFRAGE RICHTEN SIE BITTE AN:<\/span><\/p>\n                  <\/div>\n                <\/div>\n              <\/div>\n            <\/div>\n          <\/div>\n        <\/div>\n      <\/div>\n      <div data-colibri-id=\"1352-c6\" class=\"h-row-container gutters-row-lg-2 gutters-row-md-2 gutters-row-0 gutters-row-v-lg-2 gutters-row-v-md-2 gutters-row-v-2 style-490 style-local-1352-c6 position-relative\">\n        <!---->\n        <div class=\"h-row justify-content-lg-center justify-content-md-center justify-content-center align-items-lg-stretch align-items-md-stretch align-items-stretch gutters-col-lg-2 gutters-col-md-2 gutters-col-0 gutters-col-v-lg-2 gutters-col-v-md-2 gutters-col-v-2\">\n          <!---->\n          <div class=\"h-column h-column-container d-flex h-col-lg-auto h-col-md-auto h-col-auto style-491-outer style-local-1352-c7-outer\">\n            <div data-colibri-id=\"1352-c7\" class=\"d-flex h-flex-basis h-column__inner h-px-lg-2 h-px-md-2 h-px-2 v-inner-lg-2 v-inner-md-2 v-inner-2 style-491 style-local-1352-c7 position-relative\">\n              <!---->\n              <!---->\n              <div class=\"w-100 h-y-container h-column__content h-column__v-align flex-basis-auto align-self-lg-start align-self-md-start align-self-start\">\n                <!---->\n                <div data-colibri-id=\"1352-c8\" class=\"d-block style-496 style-local-1352-c8 position-relative h-element\">\n                  <!---->\n                  <div class=\"h-image__frame-container-outer\">\n                    <div class=\"h-image__frame-container\">\n                      <!---->\n                      <!---->\n                      <img loading=\"lazy\" decoding=\"async\" width=\"180\" height=\"252\" src=\"https:\/\/www.pflegeexperten-wissen.de\/wp-content\/uploads\/2020\/09\/Brigitte_klein.jpeg\" class=\"wp-image-1465 style-496-image style-local-1352-c8-image\" alt=\"\" \/>\n                      <div class=\"h-image__frame h-hide-lg h-hide-md h-hide-sm style-496-frameImage style-local-1352-c8-frameImage\"><\/div>\n                    <\/div>\n                  <\/div>\n                <\/div>\n                <div data-colibri-id=\"1352-c9\" class=\"h-text h-text-component style-500 style-local-1352-c9 position-relative h-element\">\n                  <!---->\n                  <!---->\n                  <div class=\"\">\n                    <p><span style=\"color: rgb(0, 101, 170); font-weight: 600;\">BRIGITTE LINDHOLZ<\/span><\/p>\n                    <p><span style=\"color: rgb(0, 101, 170);\">&nbsp;Ziegelstra\u00dfe 42<br>73084 Salach<\/span><\/p>\n                    <p><span style=\"color: rgb(0, 101, 170);\">&nbsp;Tel.: 07162-460456<br>Mobil: 0152.-21551514<\/span><\/p>\n                    <p><span style=\"color: rgb(0, 101, 170);\">&nbsp;E-Mail:<\/span><\/p>\n                    <p>\n                      <a href=\"mailto:brigitte.sachsenmaier@pflegeexperten-wissen.de\" target=\"_blank\" style=\"color: rgb(0, 101, 170);\" rel=\"noopener\">brigitte.sachsenmaier@pflegeexperten-wissen.de<\/a>\n                    <\/p>\n                  <\/div>\n                <\/div>\n              <\/div>\n            <\/div>\n          <\/div>\n          <div class=\"h-column h-column-container d-flex h-col-lg-auto h-col-md-auto h-col-auto style-492-outer style-local-1352-c10-outer\">\n            <div data-colibri-id=\"1352-c10\" class=\"d-flex h-flex-basis h-column__inner h-px-lg-2 h-px-md-2 h-px-2 v-inner-lg-2 v-inner-md-2 v-inner-2 style-492 style-local-1352-c10 position-relative\">\n              <!---->\n              <!---->\n              <div class=\"w-100 h-y-container h-column__content h-column__v-align flex-basis-auto align-self-lg-start align-self-md-start align-self-start\">\n                <!---->\n                <div data-colibri-id=\"1352-c11\" class=\"d-block style-498 style-local-1352-c11 position-relative h-element\">\n                  <!---->\n                  <div class=\"h-image__frame-container-outer\">\n                    <div class=\"h-image__frame-container\">\n                      <!---->\n                      <!---->\n                      <img loading=\"lazy\" decoding=\"async\" width=\"180\" height=\"252\" src=\"https:\/\/www.pflegeexperten-wissen.de\/wp-content\/uploads\/2020\/09\/Werner_klein.jpeg\" class=\"wp-image-1464 style-498-image style-local-1352-c11-image\" alt=\"\" \/>\n                      <div class=\"h-image__frame h-hide-lg h-hide-md h-hide-sm style-498-frameImage style-local-1352-c11-frameImage\"><\/div>\n                    <\/div>\n                  <\/div>\n                <\/div>\n                <div data-colibri-id=\"1352-c12\" class=\"h-text h-text-component style-499 style-local-1352-c12 position-relative h-element\">\n                  <!---->\n                  <!---->\n                  <div class=\"\">\n                    <p><span style=\"font-weight: 600; color: rgb(0, 101, 170);\">WERNER DROSTE&nbsp;<\/span><\/p>\n                    <p><span style=\"color: rgb(0, 101, 170);\">Nikolaus-Gro\u00df-Weg 6<br>59379 Selm<\/span><\/p>\n                    <p><span style=\"color: rgb(0, 101, 170);\">&nbsp;Tel.: 02592-973140<br>Mobil: 0173-7452551<\/span><\/p>\n                    <p><span style=\"color: rgb(0, 101, 170);\">&nbsp;E-Mail:<\/span><\/p>\n                    <p>\n                      <a href=\"mailto:werner.droste@pflegeexperten-wissen.de\" style=\"color: rgb(0, 101, 170);\">werner.droste@pflegeexperten-wissen.de<\/a>\n                    <\/p>\n                  <\/div>\n                <\/div>\n              <\/div>\n            <\/div>\n          <\/div>\n        <\/div>\n      <\/div>\n      <div data-colibri-id=\"1352-c13\" class=\"h-row-container gutters-row-lg-2 gutters-row-md-2 gutters-row-0 gutters-row-v-lg-2 gutters-row-v-md-2 gutters-row-v-2 style-501 style-local-1352-c13 position-relative\">\n        <!---->\n        <div class=\"h-row justify-content-lg-center justify-content-md-center justify-content-center align-items-lg-stretch align-items-md-stretch align-items-stretch gutters-col-lg-2 gutters-col-md-2 gutters-col-0 gutters-col-v-lg-2 gutters-col-v-md-2 gutters-col-v-2\">\n          <!---->\n          <div class=\"h-column h-column-container d-flex h-col-lg-auto h-col-md-auto h-col-auto style-502-outer style-local-1352-c14-outer\">\n            <div data-colibri-id=\"1352-c14\" class=\"d-flex h-flex-basis h-column__inner h-px-lg-2 h-px-md-2 h-px-2 v-inner-lg-2 v-inner-md-2 v-inner-2 style-502 style-local-1352-c14 position-relative\">\n              <!---->\n              <!---->\n              <div class=\"w-100 h-y-container h-column__content h-column__v-align flex-basis-100 align-self-lg-start align-self-md-start align-self-start\">\n                <!---->\n                <div data-colibri-id=\"1352-c15\" class=\"h-text h-text-component style-506 style-local-1352-c15 position-relative h-element\">\n                  <!---->\n                  <!---->\n                  <div class=\"\">\n                    <p><span style=\"color: rgb(0, 101, 170); font-weight: 600;\">INTERESSANTE LINKS<\/span><\/p>\n                  <\/div>\n                <\/div>\n                <div data-colibri-id=\"1352-c16\" class=\"h-text h-text-component style-504 style-local-1352-c16 position-relative h-element\">\n                  <!---->\n                  <!---->\n                  <div class=\"\">\n                    <p><span style=\"color: rgb(0, 101, 170);\">FgSKW e. V.<\/span>\n                      <a href=\"https:\/\/www.fgskw.org\" style=\"color: rgb(0, 101, 170);\" target=\"_blank\" class=\"customize-unpreviewable\" rel=\"noopener\">\n                        <br>www.fgskw.org<\/a>\n                    <\/p>\n                    <p><span style=\"color: rgb(0, 101, 170);\"> <\/span><\/p>\n                    <p><span style=\"color: rgb(0, 101, 170);\">Brigitte Lindholz &#8211; Freiberufliche Dozentin f\u00fcr Pflegethemen: <br><\/span>\n                      <a href=\"https:\/\/pflege-dozent.de\" style=\"color: rgb(0, 101, 170);\" target=\"_blank\" class=\"customize-unpreviewable\" rel=\"noopener\">www.pflege-dozent.de<\/a>\n                    <\/p>\n                    <p><span style=\"color: rgb(0, 101, 170);\"> <\/span><\/p>\n                    <p><span style=\"color: rgb(0, 101, 170);\">Unsere B\u00fccher finden Sie auch hier:&nbsp;<br><\/span>\n                      <a href=\"https:\/\/www.amazon.de\/s?k=droste%2Bsachsenmaier&amp;i=stripbooks&amp;__mk_de_DE=%C3%85M%C3%85%C5%BD%C3%95%C3%91&amp;crid=24SMB0NGVJGE7&amp;sprefix=droste%2Bsachsenmaier%2Cstripbooks%2C72&amp;ref=nb_sb_noss\" style=\"color: rgb(0, 101, 170);\" target=\"_blank\" class=\"customize-unpreviewable\" rel=\"noopener\">www.amazon.de<\/a>\n                    <\/p>\n                    <p><span style=\"color: rgb(0, 101, 170);\"> <\/span><\/p>\n                  <\/div>\n                <\/div>\n                <div data-colibri-id=\"1352-c17\" class=\"h-text h-text-component style-507 style-local-1352-c17 position-relative h-element\">\n                  <!---->\n                  <!---->\n                  <div class=\"\">\n                    <p><span style=\"color: rgb(0, 101, 170); font-weight: 600;\">INFORMATIONEN ZUR B\u00dcCHERBESTELLUNGEN<\/span><\/p>\n                  <\/div>\n                <\/div>\n                <div data-colibri-id=\"1352-c18\" class=\"h-text h-text-component style-505 style-local-1352-c18 position-relative h-element\">\n                  <!---->\n                  <!---->\n                  <div class=\"\">\n                    <p><span style=\"color: rgb(0, 101, 170);\">Nach Ihrer Anfrage werden wir Ihnen eine E-Mail mit der Rechnung und unseren Bankdaten zusenden. Sobald der Betrag bei uns eingetroffen ist, werden wir Ihnen umgehend die bestellten B\u00fccher zukommen lassen.<\/span><\/p>\n                  <\/div>\n                <\/div>\n              <\/div>\n            <\/div>\n          <\/div>\n        <\/div>\n      <\/div>\n    <\/div>\n  <\/div>\n<\/div>","protected":false},"excerpt":{"rendered":"<p>IHRE ANFRAGE RICHTEN SIE BITTE AN: BRIGITTE LINDHOLZ &nbsp;Ziegelstra\u00dfe 4273084 Salach &nbsp;Tel.: 07162-460456Mobil: 0152.-21551514 &nbsp;E-Mail: brigitte.sachsenmaier@pflegeexperten-wissen.de WERNER DROSTE&nbsp; Nikolaus-Gro\u00df-Weg 659379 Selm &nbsp;Tel.: 02592-973140Mobil: 0173-7452551 &nbsp;E-Mail: werner.droste@pflegeexperten-wissen.de INTERESSANTE LINKS FgSKW e. V. www.fgskw.org Brigitte Lindholz &#8211; Freiberufliche Dozentin f\u00fcr Pflegethemen: www.pflege-dozent.de Unsere B\u00fccher finden Sie auch hier:&nbsp; www.amazon.de INFORMATIONEN ZUR B\u00dcCHERBESTELLUNGEN Nach Ihrer Anfrage werden wir [&hellip;]<\/p>\n","protected":false},"author":1,"featured_media":0,"parent":0,"menu_order":0,"comment_status":"closed","ping_status":"closed","template":"page-templates\/full-width-page.php","meta":{"footnotes":""},"_links":{"self":[{"href":"https:\/\/www.pflegeexperten-wissen.de\/index.php\/wp-json\/wp\/v2\/pages\/1352"}],"collection":[{"href":"https:\/\/www.pflegeexperten-wissen.de\/index.php\/wp-json\/wp\/v2\/pages"}],"about":[{"href":"https:\/\/www.pflegeexperten-wissen.de\/index.php\/wp-json\/wp\/v2\/types\/page"}],"author":[{"embeddable":true,"href":"https:\/\/www.pflegeexperten-wissen.de\/index.php\/wp-json\/wp\/v2\/users\/1"}],"replies":[{"embeddable":true,"href":"https:\/\/www.pflegeexperten-wissen.de\/index.php\/wp-json\/wp\/v2\/comments?post=1352"}],"version-history":[{"count":20,"href":"https:\/\/www.pflegeexperten-wissen.de\/index.php\/wp-json\/wp\/v2\/pages\/1352\/revisions"}],"predecessor-version":[{"id":2453,"href":"https:\/\/www.pflegeexperten-wissen.de\/index.php\/wp-json\/wp\/v2\/pages\/1352\/revisions\/2453"}],"wp:attachment":[{"href":"https:\/\/www.pflegeexperten-wissen.de\/index.php\/wp-json\/wp\/v2\/media?parent=1352"}],"curies":[{"name":"wp","href":"https:\/\/api.w.org\/{rel}","templated":true}]}}