{"id":1353,"date":"2020-09-14T13:42:57","date_gmt":"2020-09-14T13:42:57","guid":{"rendered":"https:\/\/www.pflegeexperten-wissen.de\/wp\/?page_id=1353"},"modified":"2020-09-15T12:47:37","modified_gmt":"2020-09-15T12:47:37","slug":"impressum","status":"publish","type":"page","link":"https:\/\/www.pflegeexperten-wissen.de\/index.php\/impressum\/","title":{"rendered":"IMPRESSUM"},"content":{"rendered":"<div data-colibri-id=\"1353-c1\" class=\"style-508 style-local-1353-c1 position-relative\">\n  <!---->\n  <div data-colibri-component=\"section\" data-colibri-id=\"1353-c2\" id=\"custom\" class=\"h-section h-section-global-spacing d-flex align-items-lg-center align-items-md-center align-items-center style-509 style-local-1353-c2 position-relative\">\n    <!---->\n    <!---->\n    <div class=\"h-section-grid-container h-section-boxed-container\">\n      <!---->\n      <div data-colibri-id=\"1353-c3\" class=\"h-row-container gutters-row-lg-2 gutters-row-md-2 gutters-row-0 gutters-row-v-lg-2 gutters-row-v-md-2 gutters-row-v-2 style-510 style-local-1353-c3 position-relative\">\n        <!---->\n        <div class=\"h-row justify-content-lg-center justify-content-md-center justify-content-center align-items-lg-stretch align-items-md-stretch align-items-stretch gutters-col-lg-2 gutters-col-md-2 gutters-col-0 gutters-col-v-lg-2 gutters-col-v-md-2 gutters-col-v-2\">\n          <!---->\n          <div class=\"h-column h-column-container d-flex h-col-lg-auto h-col-md-auto h-col-auto style-511-outer style-local-1353-c4-outer\">\n            <div data-colibri-id=\"1353-c4\" class=\"d-flex h-flex-basis h-column__inner h-px-lg-2 h-px-md-2 h-px-2 v-inner-lg-2 v-inner-md-2 v-inner-2 style-511 style-local-1353-c4 position-relative\">\n              <!---->\n              <!---->\n              <div class=\"w-100 h-y-container h-column__content h-column__v-align flex-basis-100 align-self-lg-start align-self-md-start align-self-start\">\n                <!---->\n                <div data-colibri-id=\"1353-c6\" class=\"h-text h-text-component style-513 style-local-1353-c6 position-relative h-element\">\n                  <!---->\n                  <!---->\n                  <div class=\"\">\n                    <p><span style=\"font-weight: 400;\">INHABER<\/span><\/p>\n                  <\/div>\n                <\/div>\n                <div data-colibri-id=\"1353-c9\" class=\"h-text h-text-component style-516 style-local-1353-c9 position-relative h-element\">\n                  <!---->\n                  <!---->\n                  <div class=\"\">\n                    <p><span style=\"font-weight: 600; color: rgb(0, 101, 170);\">BRIGITTE LINDHOLZ<\/span><\/p>\n                    <p><span style=\"color: rgb(0, 101, 170);\">Ziegelstra\u00dfe 42<br>73084 Salach<\/span><\/p>\n                    <p><span style=\"color: rgb(0, 101, 170);\">Tel.: 07162-460456<br>Mobil: 0152.-21551514<\/span><\/p>\n                    <p><span style=\"color: rgb(0, 101, 170);\">E-Mail:<\/span>\n                      <a href=\"mailto:brigitte.sachsenmaier@pflegeexperten-wissen.de\" target=\"_blank\" rel=\"noopener noreferrer\" style=\"color: rgb(0, 101, 170); font-size: 1em; font-weight: 400; font-family: &quot;Open Sans&quot;;\">\n                        <br>brigitte.sachsenmaier@pflegeexperten-wissen.de<\/a>\n                      <br>\n                      <br>\n                    <\/p>\n                    <p><span style=\"color: rgb(0, 101, 170); font-weight: 600;\">WERNER DROSTE&nbsp;<\/span><\/p>\n                    <p><span style=\"color: rgb(0, 101, 170);\">Nikolaus-Gro\u00df-Weg 6<br>59379 Selm<\/span><\/p>\n                    <p><span style=\"color: rgb(0, 101, 170);\">Tel.: 02592-973140<br>Mobil: 0173-7452551<\/span><\/p>\n                    <p><span style=\"color: rgb(0, 101, 170);\">E-Mail:<\/span>\n                      <a href=\"mailto:werner.droste@pflegeexperten-wissen.de\" style=\"font-family: &quot;Open Sans&quot;; font-weight: 400; font-size: 1em; color: rgb(0, 101, 170);\">\n                        <br>werner.droste@pflegeexperten-wissen.de<\/a>\n                    <\/p>\n                  <\/div>\n                <\/div>\n                <div data-colibri-id=\"1353-c10\" class=\"h-text h-text-component style-517 style-local-1353-c10 position-relative h-element\">\n                  <!---->\n                  <!---->\n                  <div class=\"\">\n                    <p><span style=\"color: rgb(0, 101, 170);\">WEBDESIGN &amp; BILDRECHTE<\/span><\/p>\n                  <\/div>\n                <\/div>\n                <div data-colibri-id=\"1353-c11\" class=\"h-text h-text-component style-518 style-local-1353-c11 position-relative h-element\">\n                  <!---->\n                  <!---->\n                  <div class=\"\">\n                    <p><span style=\"color: rgb(0, 101, 170);\">Gestaltung:<br>Spectra \u2013 Design &amp; Verlag<br><\/span>\n                      <a href=\"http:\/\/www.spectra-design.de\" style=\"color: rgb(0, 101, 170);\" target=\"_blank\" rel=\"noopener noreferrer\">www.spectra-design.de<\/a>\n                    <\/p>\n                    <p><span style=\"color: rgb(0, 101, 170);\"> <\/span><\/p>\n                    <p><span style=\"color: rgb(0, 101, 170);\">Bilder:<br>Autoren<br>\u00a9 Irochka &#8211; Fotolia.com<\/span><\/p>\n                  <\/div>\n                <\/div>\n              <\/div>\n            <\/div>\n          <\/div>\n          <div class=\"h-column h-column-container d-flex h-col-lg-auto h-col-md-auto h-col-auto style-512-outer style-local-1353-c5-outer\">\n            <div data-colibri-id=\"1353-c5\" class=\"d-flex h-flex-basis h-column__inner h-px-lg-2 h-px-md-2 h-px-2 v-inner-lg-2 v-inner-md-2 v-inner-2 style-512 style-local-1353-c5 position-relative\">\n              <!---->\n              <!---->\n              <div class=\"w-100 h-y-container h-column__content h-column__v-align flex-basis-100 align-self-lg-start align-self-md-start align-self-start\">\n                <!---->\n                <div data-colibri-id=\"1353-c7\" class=\"h-text h-text-component style-514 style-local-1353-c7 position-relative h-element\">\n                  <!---->\n                  <!---->\n                  <div class=\"\">\n                    <p><span style=\"color: rgb(0, 101, 170);\">HAFTUNGSAUSSCHLUSS<\/span><\/p>\n                  <\/div>\n                <\/div>\n                <div data-colibri-id=\"1353-c8\" class=\"h-text h-text-component style-515 style-local-1353-c8 position-relative h-element\">\n                  <!---->\n                  <!---->\n                  <div class=\"\">\n                    <p><span style=\"font-size: 18px; color: rgb(0, 101, 170); font-weight: 600;\">1. Haftungsbeschr\u00e4nkung<\/span><\/p>\n                    <p><span style=\"color: rgb(0, 101, 170);\">Die Inhalte dieser Website werden mit gr\u00f6\u00dftm\u00f6glicher Sorgfalt erstellt. Der Anbieter \u00fcbernimmt jedoch keine Gew\u00e4hr f\u00fcr die Richtigkeit, Vollst\u00e4ndigkeit und Aktualit\u00e4t der bereitgestellten Inhalte. Die Nutzung der Inhalte der Website erfolgt auf eigeneGefahr des Nutzers. Namentlich gekennzeichnete Beitr\u00e4ge geben die Meinung des jeweiligen Autors und nicht immer die Meinung des Anbieters wieder. Mit der reinen Nutzung der Website des Anbieters kommt keinerlei Vertragsverh\u00e4ltnis zwischen dem Nutzer und dem Anbieter zustande.<\/span><\/p>\n                    <p><span style=\"font-size: 18px; color: rgb(0, 101, 170); font-weight: 600;\">2. Externe Links<\/span><\/p>\n                    <p><span style=\"color: rgb(0, 101, 170);\">Diese Website enth\u00e4lt Verkn\u00fcpfungen zu Websites Dritter (&#8222;externe Links&#8220;). Diese Websites unterliegen der Haftung der jeweiligen Betreiber. Der Anbieter hat bei der erstmaligen Verkn\u00fcpfung der externen Links die fremden Inhalte daraufhin \u00fcberpr\u00fcft, ob etwaige Rechtsverst\u00f6\u00dfe bestehen. Zu dem Zeitpunkt waren keine Rechtsverst\u00f6\u00dfe ersichtlich. Der Anbieter hat keinerlei Einfluss auf die aktuelle und zuk\u00fcnftige Gestaltung und auf die Inhalte der verkn\u00fcpften Seiten. Das Setzen von externen Links bedeutet nicht, dass sich der Anbieter die hinter dem Verweis oder Link liegenden Inhalte zu Eigen macht. Eine st\u00e4ndige Kontrolle der externen Links ist f\u00fcr den Anbieter ohne konkrete Hinweise auf Rechtsverst\u00f6\u00dfe nicht zumutbar. Bei Kenntnis von Rechtsverst\u00f6\u00dfen werden jedoch derartige externe Links unverz\u00fcglich gel\u00f6scht.<\/span><\/p>\n                    <p><span style=\"font-size: 18px; color: rgb(0, 101, 170); font-weight: 600;\">3. Urheber- und Leistungsschutzrechte<\/span><\/p>\n                    <p><span style=\"color: rgb(0, 101, 170);\">Die auf dieser Website ver\u00f6ffentlichten Inhalte unterliegen dem deutschen Urheber- und Leistungsschutzrecht. Jede vom deutschen Urheber- und Leistungsschutzrecht nicht zugelassene Verwertung bedarf der vorherigen schriftlichen Zustimmung des Anbieters oder jeweiligen Rechteinhabers. Dies gilt insbesondere f\u00fcr Vervielf\u00e4ltigung, Bearbeitung, \u00dcbersetzung, Einspeicherung, Verarbeitung bzw. Wiedergabe von Inhalten in Datenbanken oder anderen elektronischen Medien und Systemen. Inhalte und Rechte Dritter sind dabei als solche gekennzeichnet. Die unerlaubte Vervielf\u00e4ltigung oder Weitergabe einzelner Inhalte oder kompletter Seiten ist nicht gestattet und strafbar. Lediglich die Herstellung von Kopien und Downloads f\u00fcr den pers\u00f6nlichen, privaten und nicht kommerziellen Gebrauch ist erlaubt.<\/span><\/p>\n                    <p><span style=\"color: rgb(0, 101, 170);\">Die Darstellung dieser Website in fremden Frames ist nur mit schriftlicher Erlaubnis zul\u00e4ssig.<\/span><\/p>\n                    <p><span style=\"font-size: 18px; color: rgb(0, 101, 170); font-weight: 600;\">4. Besondere Nutzungsbedingungen<\/span><\/p>\n                    <p><span style=\"color: rgb(0, 101, 170);\">Soweit besondere Bedingungen f\u00fcr einzelne Nutzungen dieser Website von den vorgenannten Nummern 1. bis 4. abweichen, wird an entsprechender Stelle ausdr\u00fccklich darauf hingewiesen. In diesem Falle gelten im jeweiligen Einzelfall die besonderen Nutzungsbedingungen.<\/span><\/p>\n                    <p><span style=\"color: rgb(0, 101, 170);\">Quelle:&nbsp;<\/span>\n                      <a href=\"https:\/\/www.juraforum.de\" style=\"color: rgb(0, 101, 170);\" target=\"_blank\" rel=\"noopener noreferrer\"><em>www.Juraforum.de<\/em><\/a><span style=\"color: rgb(0, 101, 170);\">&nbsp;|&nbsp;<\/span>\n                      <a href=\"https:\/\/www.experten-branchenbuch.de\" target=\"_blank\" style=\"color: rgb(0, 101, 170);\" class=\"customize-unpreviewable\" rel=\"noopener noreferrer\"><em>www.Experten-Branchenbuch.de<\/em><\/a><span style=\"color: rgb(0, 101, 170);\">&nbsp;<\/span><\/p>\n                  <\/div>\n                <\/div>\n              <\/div>\n            <\/div>\n          <\/div>\n        <\/div>\n      <\/div>\n    <\/div>\n  <\/div>\n<\/div>","protected":false},"excerpt":{"rendered":"<p>INHABER BRIGITTE LINDHOLZ Ziegelstra\u00dfe 4273084 Salach Tel.: 07162-460456Mobil: 0152.-21551514 E-Mail: brigitte.sachsenmaier@pflegeexperten-wissen.de WERNER DROSTE&nbsp; Nikolaus-Gro\u00df-Weg 659379 Selm Tel.: 02592-973140Mobil: 0173-7452551 E-Mail: werner.droste@pflegeexperten-wissen.de WEBDESIGN &amp; BILDRECHTE Gestaltung:Spectra \u2013 Design &amp; Verlag www.spectra-design.de Bilder:Autoren\u00a9 Irochka &#8211; Fotolia.com HAFTUNGSAUSSCHLUSS 1. Haftungsbeschr\u00e4nkung Die Inhalte dieser Website werden mit gr\u00f6\u00dftm\u00f6glicher Sorgfalt erstellt. Der Anbieter \u00fcbernimmt jedoch keine Gew\u00e4hr f\u00fcr die Richtigkeit, [&hellip;]<\/p>\n","protected":false},"author":1,"featured_media":0,"parent":0,"menu_order":0,"comment_status":"closed","ping_status":"closed","template":"page-templates\/full-width-page.php","meta":{"footnotes":""},"_links":{"self":[{"href":"https:\/\/www.pflegeexperten-wissen.de\/index.php\/wp-json\/wp\/v2\/pages\/1353"}],"collection":[{"href":"https:\/\/www.pflegeexperten-wissen.de\/index.php\/wp-json\/wp\/v2\/pages"}],"about":[{"href":"https:\/\/www.pflegeexperten-wissen.de\/index.php\/wp-json\/wp\/v2\/types\/page"}],"author":[{"embeddable":true,"href":"https:\/\/www.pflegeexperten-wissen.de\/index.php\/wp-json\/wp\/v2\/users\/1"}],"replies":[{"embeddable":true,"href":"https:\/\/www.pflegeexperten-wissen.de\/index.php\/wp-json\/wp\/v2\/comments?post=1353"}],"version-history":[{"count":13,"href":"https:\/\/www.pflegeexperten-wissen.de\/index.php\/wp-json\/wp\/v2\/pages\/1353\/revisions"}],"predecessor-version":[{"id":1731,"href":"https:\/\/www.pflegeexperten-wissen.de\/index.php\/wp-json\/wp\/v2\/pages\/1353\/revisions\/1731"}],"wp:attachment":[{"href":"https:\/\/www.pflegeexperten-wissen.de\/index.php\/wp-json\/wp\/v2\/media?parent=1353"}],"curies":[{"name":"wp","href":"https:\/\/api.w.org\/{rel}","templated":true}]}}